{"id":26985,"date":"2025-02-13T10:57:37","date_gmt":"2025-02-13T09:57:37","guid":{"rendered":"https:\/\/awakeningeurope.com\/?page_id=26985"},"modified":"2025-02-13T10:57:38","modified_gmt":"2025-02-13T09:57:38","slug":"encounter-week-es-2","status":"publish","type":"page","link":"https:\/\/awakeningeurope.com\/hu\/encounter-week-es-2","title":{"rendered":"Encounter Week ES"},"content":{"rendered":"<p>[et_pb_section fb_built=&#8221;1&#8243; _builder_version=&#8221;4.22.0&#8243; _module_preset=&#8221;default&#8221; custom_padding=&#8221;40px||1px||false|false&#8221; global_colors_info=&#8221;{}&#8221;][et_pb_row _builder_version=&#8221;4.22.0&#8243; _module_preset=&#8221;default&#8221; custom_padding=&#8221;||1px|||&#8221; global_colors_info=&#8221;{}&#8221;][et_pb_column type=&#8221;4_4&#8243; _builder_version=&#8221;4.22.0&#8243; _module_preset=&#8221;default&#8221; global_colors_info=&#8221;{}&#8221;][et_pb_image src=&#8221;https:\/\/awakeningeurope.com\/wp-content\/uploads\/BannerAEWenglish-e1699519949753-1.jpg&#8221; title_text=&#8221;BannerAEWenglish-e1699519949753&#8243; _builder_version=&#8221;4.23.1&#8243; _module_preset=&#8221;default&#8221; custom_margin=&#8221;50px||||false|false&#8221; global_colors_info=&#8221;{}&#8221;][\/et_pb_image][\/et_pb_column][\/et_pb_row][\/et_pb_section][et_pb_section fb_built=&#8221;1&#8243; custom_padding_last_edited=&#8221;on|desktop&#8221; admin_label=&#8221;Section&#8221; _builder_version=&#8221;4.22.0&#8243; _module_preset=&#8221;default&#8221; custom_margin_tablet=&#8221;&#8221; custom_margin_phone=&#8221;&#8221; custom_margin_last_edited=&#8221;on|phone&#8221; custom_padding=&#8221;50px||50px||true|false&#8221; custom_padding_tablet=&#8221;50px||6px||false|false&#8221; custom_padding_phone=&#8221;0px||6px||false|false&#8221; bottom_divider_color=&#8221;#EEEEEE&#8221; global_colors_info=&#8221;{}&#8221;][et_pb_row _builder_version=&#8221;4.23.1&#8243; _module_preset=&#8221;default&#8221; custom_padding=&#8221;||0px|||&#8221; global_colors_info=&#8221;{}&#8221;][et_pb_column type=&#8221;4_4&#8243; _builder_version=&#8221;4.23.1&#8243; _module_preset=&#8221;default&#8221; global_colors_info=&#8221;{}&#8221;][et_pb_text _builder_version=&#8221;4.25.2&#8243; _module_preset=&#8221;default&#8221; text_orientation=&#8221;center&#8221; global_colors_info=&#8221;{}&#8221;]<\/p>\n<p><a href=\"https:\/\/awakeningeurope.com\/encounter-week\">\ud83c\uddec\ud83c\udde7 English<\/a><\/p>\n<p>[\/et_pb_text][\/et_pb_column][\/et_pb_row][et_pb_row column_structure=&#8221;2_3,1_3&#8243; _builder_version=&#8221;4.22.0&#8243; _module_preset=&#8221;default&#8221; global_colors_info=&#8221;{}&#8221;][et_pb_column type=&#8221;2_3&#8243; _builder_version=&#8221;4.17.0&#8243; _module_preset=&#8221;default&#8221; global_colors_info=&#8221;{}&#8221;][et_pb_text _builder_version=&#8221;4.25.2&#8243; _module_preset=&#8221;default&#8221; header_text_color=&#8221;#000000&#8243; header_font_size=&#8221;58px&#8221; width=&#8221;100%&#8221; module_alignment=&#8221;center&#8221; custom_padding=&#8221;||40px|||&#8221; global_colors_info=&#8221;{}&#8221;]<\/p>\n<p><b>Az\u00e9rt \u00e9g a sz\u00edved, hogy l\u00e1sd az elveszetteket J\u00e9zushoz j\u00f6nni? \u00c9hes vagy arra, hogy n\u00f6vekedj az evang\u00e9lium hirdet\u00e9s\u00e9ben? Szeretn\u00e9l gyakorlatias eszk\u00f6z\u00f6ket tanulni, hogy tan\u00edtv\u00e1nny\u00e1 tegy\u00e9l az \u00faj h\u00edv\u0151ket &#8211; egyes\u00e9vel vagy kiscsoportokban?<\/b> <b>Akkor az \u00c9bred\u00e9s Hete neked sz\u00f3l!<\/b><\/p>\n<p><span style=\"font-weight: 400;\">Ezen a k\u00fcl\u00f6nleges h\u00e9ten J\u00e9zus\u00e9rt \u00e9gve fogunk \u00f6sszegy\u0171lni,- <\/span><span style=\"font-weight: 400;\">els\u0151 sorban<\/span><span style=\"font-weight: 400;\">, hogy id\u0151t t\u00f6lts\u00fcnk szeretet\u00e9ben \u00e9s im\u00e1dat\u00e1ban. Illetve, hogy l\u00e1ssuk, ahogy J\u00e9zus elnyeri jutalm\u00e1t, mikor jelenl\u00e9te meg\u00e9rinti azokat a dr\u00e1ga embereket, akik\u00e9rt meghalt!<\/span><\/p>\n<p><span style=\"font-weight: 400;\">Az \u00c9bred\u00e9s Hete korl\u00e1tozott befogad\u00f3k\u00e9pess\u00e9g\u0171, mivel szeretn\u00e9nk minden egyes r\u00e9sztvev\u0151vel kapcsolatot teremteni.\u00a0<\/span><\/p>\n<p><span style=\"font-weight: 400;\">Isten kir\u00e1lys\u00e1ga szerinti csal\u00e1dot akarunk \u00e9p\u00edteni, az asztal k\u00f6r\u00fcli \u00e9tkez\u00e9sekkel, b\u00e1tor\u00edt\u00e1ssal \u00e9s a szem\u00e9lyes bizonys\u00e1gt\u00e9telek megoszt\u00e1s\u00e1val. Hissz\u00fck, hogy maradand\u00f3 bar\u00e1ts\u00e1gok fognak sz\u00fcletni ezalatt az id\u0151 alatt!<\/span><\/p>\n<p><span style=\"font-weight: 400;\">\u00a0<\/span><\/p>\n<p><b>Mire sz\u00e1m\u00edthatsz?<\/b><\/p>\n<p><span style=\"font-weight: 400;\">Nagy hat\u00e9konys\u00e1g\u00fa evang\u00e9list\u00e1k fognak<\/span> <span style=\"font-weight: 400;\">a k\u00f6vetkez\u0151kr\u0151l tan\u00edtani:<\/span><\/p>\n<ul>\n<li style=\"font-weight: 400;\" aria-level=\"1\"><span style=\"font-weight: 400;\">hogyan hirdess\u00fck az evang\u00e9liumot az emberekt\u0151l val\u00f3 f\u00e9lelem n\u00e9lk\u00fcl<\/span><\/li>\n<li style=\"font-weight: 400;\" aria-level=\"1\"><span style=\"font-weight: 400;\">hogyan vezess\u00fck az embereket Krisztushoz<\/span><\/li>\n<li style=\"font-weight: 400;\" aria-level=\"1\"><span style=\"font-weight: 400;\">hogyan tal\u00e1lkozzunk \u00faj h\u00edv\u0151kkel n\u00e9gyszemk\u00f6zt \u00e9s kiscsoportos keretek k\u00f6z\u00f6tt<\/span><\/li>\n<\/ul>\n<p><span style=\"font-weight: 400;\">De a legfontosabb:<\/span><span style=\"font-weight: 400;\"><br \/><\/span><span style=\"font-weight: 400;\">Lehet\u0151s\u00e9ged lesz arra, hogy a csapatunkkal egy\u00fctt kil\u00e9pj az evang\u00e9lium hirdet\u00e9s\u00e9re, betegek gy\u00f3gy\u00edt\u00e1s\u00e1ra, emberek J\u00e9zushoz vezet\u00e9s\u00e9re, valamint az \u00faj h\u00edv\u0151kkel val\u00f3 szem\u00e9lyes tal\u00e1lkoz\u00f3k vezet\u00e9s\u00e9re!<\/span><\/p>\n<p><span style=\"font-weight: 400;\">Ha az \u00dar sz\u00f3l hozz\u00e1d, \u00e9s szeretn\u00e9l r\u00e9szt venni ezen az intenz\u00edv evangeliz\u00e1ci\u00f3s \u00e9s tan\u00edtv\u00e1nyoz\u00e1si h\u00e9ten, akkor t\u00f6ltsd ki a jelentkez\u00e9si lapot m\u00e9g ma! Eur\u00f3pa k\u00e9szen \u00e1ll az evang\u00e9liumra \u00e9s az \u00faj h\u00edv\u0151k tan\u00edtv\u00e1nyainak hatalmas megmozdul\u00e1s\u00e1ra!<\/span><\/p>\n<p>[\/et_pb_text][\/et_pb_column][et_pb_column type=&#8221;1_3&#8243; _builder_version=&#8221;4.17.0&#8243; _module_preset=&#8221;default&#8221; global_colors_info=&#8221;{}&#8221;][et_pb_image src=&#8221;https:\/\/awakeningeurope.com\/wp-content\/uploads\/enounter-week-outreach.jpg&#8221; title_text=&#8221;enounter-week-outreach&#8221; _builder_version=&#8221;4.22.0&#8243; _module_preset=&#8221;default&#8221; global_colors_info=&#8221;{}&#8221;][\/et_pb_image][et_pb_image src=&#8221;https:\/\/awakeningeurope.com\/wp-content\/uploads\/encounter-week-worship.jpg&#8221; title_text=&#8221;tal\u00e1lkoz\u00e1s-hetek-im\u00e1dat&#8221; _builder_version=&#8221;4.22.0&#8243; _module_preset=&#8221;default&#8221; global_colors_info=&#8221;{}&#8221;][\/et_pb_image][\/et_pb_column][\/et_pb_row][\/et_pb_section][et_pb_section fb_built=&#8221;1&#8243; admin_label=&#8221;encounter weeks&#8221; _builder_version=&#8221;4.25.2&#8243; _module_preset=&#8221;default&#8221; global_colors_info=&#8221;{}&#8221;][et_pb_row _builder_version=&#8221;4.25.2&#8243; _module_preset=&#8221;default&#8221; background_image=&#8221;https:\/\/awakeningeurope.com\/wp-content\/uploads\/BannerAEWenglish-1.jpg&#8221; background_repeat=&#8221;repeat&#8221; global_colors_info=&#8221;{}&#8221;][et_pb_column type=&#8221;4_4&#8243; _builder_version=&#8221;4.25.2&#8243; _module_preset=&#8221;default&#8221; global_colors_info=&#8221;{}&#8221;][et_pb_heading title=&#8221;Fontos inform\u00e1ci\u00f3k&#8221; _builder_version=&#8221;4.25.2&#8243; _module_preset=&#8221;default&#8221; title_level=&#8221;h2&#8243; title_font=&#8221;HelveticaNeue-Medium|600|||||||&#8221; title_text_align=&#8221;center&#8221; title_font_size=&#8221;32px&#8221; global_colors_info=&#8221;{}&#8221;][\/et_pb_heading][et_pb_text _builder_version=&#8221;4.25.2&#8243; _module_preset=&#8221;default&#8221; header_text_color=&#8221;#000000&#8243; header_font_size=&#8221;58px&#8221; width=&#8221;100%&#8221; module_alignment=&#8221;center&#8221; custom_padding=&#8221;|2rem|40px|2rem|false|false&#8221; hover_enabled=&#8221;0&#8243; global_colors_info=&#8221;{}&#8221; sticky_enabled=&#8221;0&#8243;]<\/p>\n<p><b>D\u00e1tum: <\/b><span style=\"font-weight: 400;\">2025. \u00c1prilis 21. \u2013 \u00c1prilis 26.<\/span><\/p>\n<p><b>Hol: <\/b><span style=\"font-weight: 400;\">Budapest, Magyarorsz\u00e1g<\/span><\/p>\n<p data-pm-slice=\"1 1 [&quot;list&quot;,{},&quot;list_item&quot;,{&quot;indent&quot;:1,&quot;type&quot;:&quot;bulleted&quot;}]\"><strong>K\u00f6lts\u00e9g:<\/strong> 49000 Ft \/ 140 EUR, <span style=\"font-weight: 400;\">eb\u00e9ddel, vacsor\u00e1val (sz\u00e1ll\u00e1st \u00e9s utaz\u00e1st nem tartalmazza)<\/span><\/p>\n<p>[\/et_pb_text][et_pb_button button_url=&#8221;https:\/\/ama.awakeningeurope.com\/webforms\/53c3bce66e43be4f209556518c2fcb54\/hu&#8221; button_text=&#8221;Jelentkez\u00e9s&#8221; _builder_version=&#8221;4.25.2&#8243; _module_preset=&#8221;default&#8221; global_colors_info=&#8221;{}&#8221;][\/et_pb_button][\/et_pb_column][\/et_pb_row][et_pb_row _builder_version=&#8221;4.25.2&#8243; _module_preset=&#8221;default&#8221; background_image=&#8221;https:\/\/awakeningeurope.com\/wp-content\/uploads\/BannerAEWenglish-1.jpg&#8221; background_repeat=&#8221;repeat&#8221; custom_padding=&#8221;|28px||28px|false|true&#8221; global_colors_info=&#8221;{}&#8221;][et_pb_column type=&#8221;4_4&#8243; _builder_version=&#8221;4.25.2&#8243; _module_preset=&#8221;default&#8221; global_colors_info=&#8221;{}&#8221;][et_pb_text disabled_on=&#8221;on|on|on&#8221; _builder_version=&#8221;4.25.2&#8243; _module_preset=&#8221;default&#8221; disabled=&#8221;on&#8221; global_colors_info=&#8221;{}&#8221;]<\/p>\n<div class=\"TypographyPresentation TypographyPresentation--m RichText3-paragraph--withVSpacingNormal RichText3-paragraph\">\n<div class=\"TypographyPresentation TypographyPresentation--m RichText3-paragraph--withVSpacingNormal RichText3-paragraph\">\n<p data-pm-slice=\"1 1 []\"><b>*<span>\u00a0<\/span><\/b><span>A sz\u00e1ll\u00e1s \u00e9s a sz\u00e1ll\u00edt\u00e1s nem tartalmazza<\/span><\/p>\n<\/div>\n<\/div>\n<p>[\/et_pb_text][\/et_pb_column][\/et_pb_row][\/et_pb_section][et_pb_section fb_built=&#8221;1&#8243; disabled_on=&#8221;off|off|off&#8221; admin_label=&#8221;Section&#8221; _builder_version=&#8221;4.22.0&#8243; _module_preset=&#8221;default&#8221; background_enable_color=&#8221;off&#8221; custom_padding=&#8221;0px||||false|false&#8221; global_colors_info=&#8221;{}&#8221;][et_pb_row column_structure=&#8221;1_3,1_3,1_3&#8243; _builder_version=&#8221;4.22.0&#8243; _module_preset=&#8221;default&#8221; global_colors_info=&#8221;{}&#8221;][et_pb_column type=&#8221;1_3&#8243; _builder_version=&#8221;4.22.0&#8243; _module_preset=&#8221;default&#8221; global_colors_info=&#8221;{}&#8221;][et_pb_image src=&#8221;https:\/\/awakeningeurope.com\/wp-content\/uploads\/encounter-week-2.jpg&#8221; title_text=&#8221;tal\u00e1lkoz\u00e1s-week-2&#8243; _builder_version=&#8221;4.22.0&#8243; _module_preset=&#8221;default&#8221; global_colors_info=&#8221;{}&#8221;][\/et_pb_image][\/et_pb_column][et_pb_column type=&#8221;1_3&#8243; _builder_version=&#8221;4.22.0&#8243; _module_preset=&#8221;default&#8221; global_colors_info=&#8221;{}&#8221;][et_pb_image src=&#8221;https:\/\/awakeningeurope.com\/wp-content\/uploads\/encounter-week-1.jpg&#8221; title_text=&#8221;tal\u00e1lkoz\u00e1s-week-1&#8243; _builder_version=&#8221;4.22.0&#8243; _module_preset=&#8221;default&#8221; global_colors_info=&#8221;{}&#8221;][\/et_pb_image][\/et_pb_column][et_pb_column type=&#8221;1_3&#8243; _builder_version=&#8221;4.22.0&#8243; _module_preset=&#8221;default&#8221; global_colors_info=&#8221;{}&#8221;][et_pb_image src=&#8221;https:\/\/awakeningeurope.com\/wp-content\/uploads\/encounter-week-3.jpg&#8221; title_text=&#8221;tal\u00e1lkoz\u00e1s-week-3&#8243; _builder_version=&#8221;4.22.0&#8243; _module_preset=&#8221;default&#8221; global_colors_info=&#8221;{}&#8221;][\/et_pb_image][\/et_pb_column][\/et_pb_row][\/et_pb_section]<\/p>\n","protected":false},"excerpt":{"rendered":"<p>\ud83c\uddec\ud83c\udde7 EnglishAz\u00e9rt \u00e9g a sz\u00edved, hogy l\u00e1sd az elveszetteket J\u00e9zushoz j\u00f6nni? \u00c9hes vagy arra, hogy n\u00f6vekedj az evang\u00e9lium hirdet\u00e9s\u00e9ben? Szeretn\u00e9l gyakorlatias eszk\u00f6z\u00f6ket tanulni, hogy tan\u00edtv\u00e1nny\u00e1 tegy\u00e9l az \u00faj h\u00edv\u0151ket &#8211; egyes\u00e9vel vagy kiscsoportokban? Akkor az \u00c9bred\u00e9s Hete neked sz\u00f3l! Ezen a k\u00fcl\u00f6nleges h\u00e9ten J\u00e9zus\u00e9rt \u00e9gve fogunk \u00f6sszegy\u0171lni,- els\u0151 sorban, hogy id\u0151t t\u00f6lts\u00fcnk szeretet\u00e9ben \u00e9s im\u00e1dat\u00e1ban. [&hellip;]<\/p>\n","protected":false},"author":3,"featured_media":26382,"parent":0,"menu_order":0,"comment_status":"closed","ping_status":"closed","template":"","meta":{"_et_pb_use_builder":"on","_et_pb_old_content":"","_et_gb_content_width":"","inline_featured_image":false,"footnotes":""},"class_list":["post-26985","page","type-page","status-publish","has-post-thumbnail","hentry"],"yoast_head":"<!-- This site is optimized with the Yoast SEO plugin v22.8 - https:\/\/yoast.com\/wordpress\/plugins\/seo\/ -->\n<title>Encounter Week ES - Awakening Europe<\/title>\n<meta name=\"robots\" content=\"index, follow, max-snippet:-1, max-image-preview:large, max-video-preview:-1\" \/>\n<link rel=\"canonical\" href=\"https:\/\/awakeningeurope.com\/hu\/encounter-week-es-2\" \/>\n<meta property=\"og:locale\" content=\"hu_HU\" \/>\n<meta property=\"og:type\" content=\"article\" \/>\n<meta property=\"og:title\" content=\"Encounter Week ES - Awakening Europe\" \/>\n<meta property=\"og:description\" content=\"\ud83c\uddec\ud83c\udde7 EnglishAz\u00e9rt \u00e9g a sz\u00edved, hogy l\u00e1sd az elveszetteket J\u00e9zushoz j\u00f6nni? \u00c9hes vagy arra, hogy n\u00f6vekedj az evang\u00e9lium hirdet\u00e9s\u00e9ben? Szeretn\u00e9l gyakorlatias eszk\u00f6z\u00f6ket tanulni, hogy tan\u00edtv\u00e1nny\u00e1 tegy\u00e9l az \u00faj h\u00edv\u0151ket - egyes\u00e9vel vagy kiscsoportokban? Akkor az \u00c9bred\u00e9s Hete neked sz\u00f3l! Ezen a k\u00fcl\u00f6nleges h\u00e9ten J\u00e9zus\u00e9rt \u00e9gve fogunk \u00f6sszegy\u0171lni,- els\u0151 sorban, hogy id\u0151t t\u00f6lts\u00fcnk szeretet\u00e9ben \u00e9s im\u00e1dat\u00e1ban. [&hellip;]\" \/>\n<meta property=\"og:url\" content=\"https:\/\/awakeningeurope.com\/hu\/encounter-week-es-2\" \/>\n<meta property=\"og:site_name\" content=\"Awakening Europe\" \/>\n<meta property=\"article:publisher\" content=\"https:\/\/www.facebook.com\/awakeningeurope\" \/>\n<meta property=\"article:modified_time\" content=\"2025-02-13T09:57:38+00:00\" \/>\n<meta property=\"og:image\" content=\"https:\/\/awakeningeurope.com\/wp-content\/uploads\/cropped-ae-favicon-flag.png\" \/>\n\t<meta property=\"og:image:width\" content=\"512\" \/>\n\t<meta property=\"og:image:height\" content=\"512\" \/>\n\t<meta property=\"og:image:type\" content=\"image\/png\" \/>\n<meta name=\"twitter:card\" content=\"summary_large_image\" \/>\n<script type=\"application\/ld+json\" class=\"yoast-schema-graph\">{\"@context\":\"https:\/\/schema.org\",\"@graph\":[{\"@type\":\"WebPage\",\"@id\":\"https:\/\/awakeningeurope.com\/hu\/encounter-week-es-2\",\"url\":\"https:\/\/awakeningeurope.com\/hu\/encounter-week-es-2\",\"name\":\"Encounter Week ES - Awakening Europe\",\"isPartOf\":{\"@id\":\"https:\/\/awakeningeurope.com\/hu#website\"},\"primaryImageOfPage\":{\"@id\":\"https:\/\/awakeningeurope.com\/hu\/encounter-week-es-2#primaryimage\"},\"image\":{\"@id\":\"https:\/\/awakeningeurope.com\/hu\/encounter-week-es-2#primaryimage\"},\"thumbnailUrl\":\"https:\/\/awakeningeurope.com\/wp-content\/uploads\/cropped-ae-favicon-flag.png\",\"datePublished\":\"2025-02-13T09:57:37+00:00\",\"dateModified\":\"2025-02-13T09:57:38+00:00\",\"breadcrumb\":{\"@id\":\"https:\/\/awakeningeurope.com\/hu\/encounter-week-es-2#breadcrumb\"},\"inLanguage\":\"hu\",\"potentialAction\":[{\"@type\":\"ReadAction\",\"target\":[\"https:\/\/awakeningeurope.com\/hu\/encounter-week-es-2\"]}]},{\"@type\":\"ImageObject\",\"inLanguage\":\"hu\",\"@id\":\"https:\/\/awakeningeurope.com\/hu\/encounter-week-es-2#primaryimage\",\"url\":\"https:\/\/awakeningeurope.com\/wp-content\/uploads\/cropped-ae-favicon-flag.png\",\"contentUrl\":\"https:\/\/awakeningeurope.com\/wp-content\/uploads\/cropped-ae-favicon-flag.png\",\"width\":512,\"height\":512},{\"@type\":\"BreadcrumbList\",\"@id\":\"https:\/\/awakeningeurope.com\/hu\/encounter-week-es-2#breadcrumb\",\"itemListElement\":[{\"@type\":\"ListItem\",\"position\":1,\"name\":\"Home\",\"item\":\"https:\/\/awakeningeurope.com\/hu\"},{\"@type\":\"ListItem\",\"position\":2,\"name\":\"Encounter Week ES\"}]},{\"@type\":\"WebSite\",\"@id\":\"https:\/\/awakeningeurope.com\/hu#website\",\"url\":\"https:\/\/awakeningeurope.com\/hu\",\"name\":\"Awakening Europe\",\"description\":\"\",\"publisher\":{\"@id\":\"https:\/\/awakeningeurope.com\/hu#organization\"},\"potentialAction\":[{\"@type\":\"SearchAction\",\"target\":{\"@type\":\"EntryPoint\",\"urlTemplate\":\"https:\/\/awakeningeurope.com\/hu?s={search_term_string}\"},\"query-input\":\"required name=search_term_string\"}],\"inLanguage\":\"hu\"},{\"@type\":\"Organization\",\"@id\":\"https:\/\/awakeningeurope.com\/hu#organization\",\"name\":\"Awakening Europe\",\"url\":\"https:\/\/awakeningeurope.com\/hu\",\"logo\":{\"@type\":\"ImageObject\",\"inLanguage\":\"hu\",\"@id\":\"https:\/\/awakeningeurope.com\/hu#\/schema\/logo\/image\/\",\"url\":\"https:\/\/awakeningeurope.com\/wp-content\/uploads\/AE_Logo_Final_twoLines.png\",\"contentUrl\":\"https:\/\/awakeningeurope.com\/wp-content\/uploads\/AE_Logo_Final_twoLines.png\",\"width\":576,\"height\":576,\"caption\":\"Awakening Europe\"},\"image\":{\"@id\":\"https:\/\/awakeningeurope.com\/hu#\/schema\/logo\/image\/\"},\"sameAs\":[\"https:\/\/www.facebook.com\/awakeningeurope\",\"https:\/\/www.instagram.com\/awakeningeurope\",\"https:\/\/www.awakeningeurope.com\/youtube\"]}]}<\/script>\n<!-- \/ Yoast SEO plugin. -->","yoast_head_json":{"title":"Encounter Week ES - Awakening Europe","robots":{"index":"index","follow":"follow","max-snippet":"max-snippet:-1","max-image-preview":"max-image-preview:large","max-video-preview":"max-video-preview:-1"},"canonical":"https:\/\/awakeningeurope.com\/hu\/encounter-week-es-2","og_locale":"hu_HU","og_type":"article","og_title":"Encounter Week ES - Awakening Europe","og_description":"\ud83c\uddec\ud83c\udde7 EnglishAz\u00e9rt \u00e9g a sz\u00edved, hogy l\u00e1sd az elveszetteket J\u00e9zushoz j\u00f6nni? \u00c9hes vagy arra, hogy n\u00f6vekedj az evang\u00e9lium hirdet\u00e9s\u00e9ben? Szeretn\u00e9l gyakorlatias eszk\u00f6z\u00f6ket tanulni, hogy tan\u00edtv\u00e1nny\u00e1 tegy\u00e9l az \u00faj h\u00edv\u0151ket - egyes\u00e9vel vagy kiscsoportokban? Akkor az \u00c9bred\u00e9s Hete neked sz\u00f3l! Ezen a k\u00fcl\u00f6nleges h\u00e9ten J\u00e9zus\u00e9rt \u00e9gve fogunk \u00f6sszegy\u0171lni,- els\u0151 sorban, hogy id\u0151t t\u00f6lts\u00fcnk szeretet\u00e9ben \u00e9s im\u00e1dat\u00e1ban. [&hellip;]","og_url":"https:\/\/awakeningeurope.com\/hu\/encounter-week-es-2","og_site_name":"Awakening Europe","article_publisher":"https:\/\/www.facebook.com\/awakeningeurope","article_modified_time":"2025-02-13T09:57:38+00:00","og_image":[{"width":512,"height":512,"url":"https:\/\/awakeningeurope.com\/wp-content\/uploads\/cropped-ae-favicon-flag.png","type":"image\/png"}],"twitter_card":"summary_large_image","schema":{"@context":"https:\/\/schema.org","@graph":[{"@type":"WebPage","@id":"https:\/\/awakeningeurope.com\/hu\/encounter-week-es-2","url":"https:\/\/awakeningeurope.com\/hu\/encounter-week-es-2","name":"Encounter Week ES - Awakening Europe","isPartOf":{"@id":"https:\/\/awakeningeurope.com\/hu#website"},"primaryImageOfPage":{"@id":"https:\/\/awakeningeurope.com\/hu\/encounter-week-es-2#primaryimage"},"image":{"@id":"https:\/\/awakeningeurope.com\/hu\/encounter-week-es-2#primaryimage"},"thumbnailUrl":"https:\/\/awakeningeurope.com\/wp-content\/uploads\/cropped-ae-favicon-flag.png","datePublished":"2025-02-13T09:57:37+00:00","dateModified":"2025-02-13T09:57:38+00:00","breadcrumb":{"@id":"https:\/\/awakeningeurope.com\/hu\/encounter-week-es-2#breadcrumb"},"inLanguage":"hu","potentialAction":[{"@type":"ReadAction","target":["https:\/\/awakeningeurope.com\/hu\/encounter-week-es-2"]}]},{"@type":"ImageObject","inLanguage":"hu","@id":"https:\/\/awakeningeurope.com\/hu\/encounter-week-es-2#primaryimage","url":"https:\/\/awakeningeurope.com\/wp-content\/uploads\/cropped-ae-favicon-flag.png","contentUrl":"https:\/\/awakeningeurope.com\/wp-content\/uploads\/cropped-ae-favicon-flag.png","width":512,"height":512},{"@type":"BreadcrumbList","@id":"https:\/\/awakeningeurope.com\/hu\/encounter-week-es-2#breadcrumb","itemListElement":[{"@type":"ListItem","position":1,"name":"Home","item":"https:\/\/awakeningeurope.com\/hu"},{"@type":"ListItem","position":2,"name":"Encounter Week ES"}]},{"@type":"WebSite","@id":"https:\/\/awakeningeurope.com\/hu#website","url":"https:\/\/awakeningeurope.com\/hu","name":"Awakening Europe","description":"","publisher":{"@id":"https:\/\/awakeningeurope.com\/hu#organization"},"potentialAction":[{"@type":"SearchAction","target":{"@type":"EntryPoint","urlTemplate":"https:\/\/awakeningeurope.com\/hu?s={search_term_string}"},"query-input":"required name=search_term_string"}],"inLanguage":"hu"},{"@type":"Organization","@id":"https:\/\/awakeningeurope.com\/hu#organization","name":"Awakening Europe","url":"https:\/\/awakeningeurope.com\/hu","logo":{"@type":"ImageObject","inLanguage":"hu","@id":"https:\/\/awakeningeurope.com\/hu#\/schema\/logo\/image\/","url":"https:\/\/awakeningeurope.com\/wp-content\/uploads\/AE_Logo_Final_twoLines.png","contentUrl":"https:\/\/awakeningeurope.com\/wp-content\/uploads\/AE_Logo_Final_twoLines.png","width":576,"height":576,"caption":"Awakening Europe"},"image":{"@id":"https:\/\/awakeningeurope.com\/hu#\/schema\/logo\/image\/"},"sameAs":["https:\/\/www.facebook.com\/awakeningeurope","https:\/\/www.instagram.com\/awakeningeurope","https:\/\/www.awakeningeurope.com\/youtube"]}]}},"jetpack_sharing_enabled":true,"_links":{"self":[{"href":"https:\/\/awakeningeurope.com\/hu\/wp-json\/wp\/v2\/pages\/26985"}],"collection":[{"href":"https:\/\/awakeningeurope.com\/hu\/wp-json\/wp\/v2\/pages"}],"about":[{"href":"https:\/\/awakeningeurope.com\/hu\/wp-json\/wp\/v2\/types\/page"}],"author":[{"embeddable":true,"href":"https:\/\/awakeningeurope.com\/hu\/wp-json\/wp\/v2\/users\/3"}],"replies":[{"embeddable":true,"href":"https:\/\/awakeningeurope.com\/hu\/wp-json\/wp\/v2\/comments?post=26985"}],"version-history":[{"count":1,"href":"https:\/\/awakeningeurope.com\/hu\/wp-json\/wp\/v2\/pages\/26985\/revisions"}],"predecessor-version":[{"id":26988,"href":"https:\/\/awakeningeurope.com\/hu\/wp-json\/wp\/v2\/pages\/26985\/revisions\/26988"}],"wp:featuredmedia":[{"embeddable":true,"href":"https:\/\/awakeningeurope.com\/hu\/wp-json\/wp\/v2\/media\/26382"}],"wp:attachment":[{"href":"https:\/\/awakeningeurope.com\/hu\/wp-json\/wp\/v2\/media?parent=26985"}],"curies":[{"name":"wp","href":"https:\/\/api.w.org\/{rel}","templated":true}]}}