{"id":26761,"date":"2024-12-05T12:49:05","date_gmt":"2024-12-05T11:49:05","guid":{"rendered":"https:\/\/awakeningeurope.com\/?page_id=26761"},"modified":"2025-10-23T14:02:05","modified_gmt":"2025-10-23T12:02:05","slug":"encounter-week-hu","status":"publish","type":"page","link":"https:\/\/awakeningeurope.com\/hu\/encounter-week-hu","title":{"rendered":"Encounter Week HU"},"content":{"rendered":"<p>[et_pb_section fb_built=&#8221;1&#8243; _builder_version=&#8221;4.22.0&#8243; _module_preset=&#8221;default&#8221; custom_padding=&#8221;40px||1px||false|false&#8221; global_colors_info=&#8221;{}&#8221;][et_pb_row _builder_version=&#8221;4.22.0&#8243; _module_preset=&#8221;default&#8221; custom_padding=&#8221;||1px|||&#8221; global_colors_info=&#8221;{}&#8221;][et_pb_column type=&#8221;4_4&#8243; _builder_version=&#8221;4.22.0&#8243; _module_preset=&#8221;default&#8221; global_colors_info=&#8221;{}&#8221;][et_pb_image src=&#8221;https:\/\/awakeningeurope.com\/wp-content\/uploads\/BannerAEWenglish-e1699519949753-1.jpg&#8221; title_text=&#8221;BannerAEWenglish-e1699519949753&#8243; _builder_version=&#8221;4.23.1&#8243; _module_preset=&#8221;default&#8221; custom_margin=&#8221;50px||||false|false&#8221; global_colors_info=&#8221;{}&#8221;][\/et_pb_image][\/et_pb_column][\/et_pb_row][\/et_pb_section][et_pb_section fb_built=&#8221;1&#8243; custom_padding_last_edited=&#8221;on|desktop&#8221; admin_label=&#8221;Section&#8221; _builder_version=&#8221;4.22.0&#8243; _module_preset=&#8221;default&#8221; custom_margin_tablet=&#8221;&#8221; custom_margin_phone=&#8221;&#8221; custom_margin_last_edited=&#8221;on|phone&#8221; custom_padding=&#8221;50px||50px||true|false&#8221; custom_padding_tablet=&#8221;50px||6px||false|false&#8221; custom_padding_phone=&#8221;0px||6px||false|false&#8221; bottom_divider_color=&#8221;#EEEEEE&#8221; global_colors_info=&#8221;{}&#8221;][et_pb_row _builder_version=&#8221;4.23.1&#8243; _module_preset=&#8221;default&#8221; custom_padding=&#8221;||0px|||&#8221; global_colors_info=&#8221;{}&#8221;][et_pb_column type=&#8221;4_4&#8243; _builder_version=&#8221;4.23.1&#8243; _module_preset=&#8221;default&#8221; global_colors_info=&#8221;{}&#8221;][et_pb_text _builder_version=&#8221;4.25.2&#8243; _module_preset=&#8221;default&#8221; text_orientation=&#8221;center&#8221; global_colors_info=&#8221;{}&#8221;]<\/p>\n<p><a href=\"https:\/\/awakeningeurope.com\/encounter-week\">\ud83c\uddec\ud83c\udde7 English<\/a><\/p>\n<p>[\/et_pb_text][\/et_pb_column][\/et_pb_row][et_pb_row column_structure=&#8221;2_3,1_3&#8243; _builder_version=&#8221;4.22.0&#8243; _module_preset=&#8221;default&#8221; global_colors_info=&#8221;{}&#8221;][et_pb_column type=&#8221;2_3&#8243; _builder_version=&#8221;4.17.0&#8243; _module_preset=&#8221;default&#8221; global_colors_info=&#8221;{}&#8221;][et_pb_text _builder_version=&#8221;4.25.2&#8243; _module_preset=&#8221;default&#8221; header_text_color=&#8221;#000000&#8243; header_font_size=&#8221;58px&#8221; width=&#8221;100%&#8221; module_alignment=&#8221;center&#8221; custom_padding=&#8221;||40px|||&#8221; global_colors_info=&#8221;{}&#8221;]<\/p>\n<h3 data-pm-slice=\"1 1 []\"><strong>\u00c1talakul\u00e1s- Felszerelkez\u00e9s \u2013 Kik\u00fcldet\u00e9s<\/strong><\/h3>\n<p><em>\u00c9ld meg a tan\u00edtv\u00e1nyoz\u00e1st!<\/em><\/p>\n<p><em><\/em><\/p>\n<p>T\u0171z \u00e9g a sz\u00edvedben az\u00e9rt, hogy az elveszettek J\u00e9zushoz tal\u00e1ljanak? Vagy szeretn\u00e9d, hogy Isten friss t\u00fczet gy\u00fajtson a sz\u00edvedben? \u00c9hezed a n\u00f6veked\u00e9st az evang\u00e9lium hirdet\u00e9s\u00e9ben, \u00e9s szeretn\u00e9l gyakorlati eszk\u00f6z\u00f6ket kapni az \u00faj h\u00edv\u0151k tan\u00edtv\u00e1nyoz\u00e1s\u00e1ra? <strong>Akkor az \u00c9bred\u00e9s Hete neked sz\u00f3l!<\/strong><\/p>\n<p><strong>Itt minden megv\u00e1ltozik!<\/strong> Az \u00dar m\u00e9lyen \u00e1tform\u00e1lja a r\u00e9sztvev\u0151k \u00e9let\u00e9t. Sokan megtapasztalj\u00e1k az \u00f6r\u00f6m \u00e9s a b\u00e1tors\u00e1g erej\u00e9t, mik\u00f6zben h\u00e1trahagyj\u00e1k az emberek v\u00e9lem\u00e9ny\u00e9t\u0151l val\u00f3 f\u00e9lelmet. L\u00e1tjuk, ahogy \u00e9letek szabadulnak fel, betegek gy\u00f3gyulnak meg, \u00e9s sokan v\u00e9gleg lesz\u00e1molnak a kompromisszumokkal. Meg\u00e9rted, mit jelent Isten fi\u00e1nak vagy l\u00e1ny\u00e1nak lenni, \u00e9s megtapasztalod az \u0150 atyai szeretet\u00e9t! <strong>Legy\u00e9l ak\u00e1r gy\u00fclekezetvezet\u0151, ak\u00e1r frissen megt\u00e9rt h\u00edv\u0151 \u2013 hissz\u00fck, hogy J\u00e9zussal val\u00f3 tal\u00e1lkoz\u00e1sod megv\u00e1ltoztatja az \u00e9leted!<\/strong><\/p>\n<p><strong><\/strong><\/p>\n<p><strong>Mire sz\u00e1m\u00edthatsz az Encounter Week alatt?<\/strong><\/p>\n<ul>\n<li>J\u00e9zus jelenl\u00e9t\u00e9ben gy\u0171l\u00fcnk \u00f6ssze, hogy mindenekel\u0151tt szeress\u00fck \u00e9s im\u00e1djuk \u0150t.<\/li>\n<li>Korl\u00e1tozott l\u00e9tsz\u00e1m\u00fa csoportokban dolgozunk, hogy m\u00e9ly \u00e9s szem\u00e9lyes kapcsol\u00f3d\u00e1sra legyen lehet\u0151s\u00e9g.<\/li>\n<li>A k\u00f6z\u00f6s \u00e9tkez\u00e9sek kulcsfontoss\u00e1g\u00faak \u2013 hissz\u00fck, hogy az Isten csal\u00e1dj\u00e1t \u00e9p\u00edtj\u00fck, \u00e9s \u00e9letre sz\u00f3l\u00f3 bar\u00e1ts\u00e1gok sz\u00fcletnek!<\/li>\n<\/ul>\n<p>&nbsp;<\/p>\n<p>Er\u0151teljes felk\u00e9sz\u00edt\u00e9s \u00e9s gyakorlati tan\u00edt\u00e1sok v\u00e1rnak r\u00e1d:<\/p>\n<ul>\n<li>Hogyan hallgasd meg \u00e9s ismerd fel Isten hangj\u00e1t?<\/li>\n<li>Hogyan \u00faj\u00edtsd meg az elm\u00e9d bibliai igazs\u00e1gokkal, hogy szabadon \u00e9s er\u0151vel \u00e9lhess?<\/li>\n<li>Hogyan hirdesd az evang\u00e9liumot f\u00e9lelem n\u00e9lk\u00fcl, tiszt\u00e1n \u00e9s er\u0151vel?<\/li>\n<li>Hogyan vezesd az embereket Krisztushoz \u00e9s seg\u00edts nekik a tan\u00edtv\u00e1nys\u00e1g \u00fatj\u00e1n?<\/li>\n<\/ul>\n<p>De ez nem csak elm\u00e9leti tud\u00e1s lesz! Lehet\u0151s\u00e9get kapsz arra is, hogy a tanultakat azonnal kipr\u00f3b\u00e1ld \u00e9s gyakorlati tapasztalatokat szerezz!<\/p>\n<p>&nbsp;<\/p>\n<p>Ha \u00e9rzed, hogy Isten sz\u00f3l hozz\u00e1d, \u00e9s k\u00e9szen \u00e1llsz egy \u00e9letet \u00e1tform\u00e1l\u00f3 h\u00e9tre, jelentkezz most, \u00e9s h\u00edvd meg egy bar\u00e1todat is! Eur\u00f3pa k\u00e9szen \u00e1ll az evang\u00e9liumra \u2013 \u00e9s hissz\u00fck, hogy Isten elh\u00edvott t\u00e9ged is, hogy el\u00e9rd az elveszetteket \u00e9s tan\u00edtv\u00e1nyokk\u00e1 tedd \u0151ket!<\/p>\n<p>[\/et_pb_text][\/et_pb_column][et_pb_column type=&#8221;1_3&#8243; _builder_version=&#8221;4.17.0&#8243; _module_preset=&#8221;default&#8221; global_colors_info=&#8221;{}&#8221;][et_pb_image src=&#8221;https:\/\/awakeningeurope.com\/wp-content\/uploads\/enounter-week-outreach.jpg&#8221; title_text=&#8221;enounter-week-outreach&#8221; _builder_version=&#8221;4.22.0&#8243; _module_preset=&#8221;default&#8221; global_colors_info=&#8221;{}&#8221;][\/et_pb_image][et_pb_image src=&#8221;https:\/\/awakeningeurope.com\/wp-content\/uploads\/encounter-week-worship.jpg&#8221; title_text=&#8221;tal\u00e1lkoz\u00e1s-hetek-im\u00e1dat&#8221; _builder_version=&#8221;4.22.0&#8243; _module_preset=&#8221;default&#8221; global_colors_info=&#8221;{}&#8221;][\/et_pb_image][\/et_pb_column][\/et_pb_row][\/et_pb_section][et_pb_section fb_built=&#8221;1&#8243; admin_label=&#8221;encounter weeks&#8221; _builder_version=&#8221;4.25.2&#8243; _module_preset=&#8221;default&#8221; global_colors_info=&#8221;{}&#8221;][et_pb_row disabled_on=&#8221;on|on|on&#8221; _builder_version=&#8221;4.25.2&#8243; _module_preset=&#8221;default&#8221; background_image=&#8221;https:\/\/awakeningeurope.com\/wp-content\/uploads\/BannerAEWenglish-1.jpg&#8221; background_repeat=&#8221;repeat&#8221; disabled=&#8221;on&#8221; global_colors_info=&#8221;{}&#8221;][et_pb_column type=&#8221;4_4&#8243; _builder_version=&#8221;4.25.2&#8243; _module_preset=&#8221;default&#8221; global_colors_info=&#8221;{}&#8221;][et_pb_heading title=&#8221;Fontos inform\u00e1ci\u00f3k&#8221; _builder_version=&#8221;4.25.2&#8243; _module_preset=&#8221;default&#8221; title_level=&#8221;h2&#8243; title_font=&#8221;HelveticaNeue-Medium|600|||||||&#8221; title_text_align=&#8221;center&#8221; title_font_size=&#8221;32px&#8221; global_colors_info=&#8221;{}&#8221;][\/et_pb_heading][et_pb_text _builder_version=&#8221;4.25.2&#8243; _module_preset=&#8221;default&#8221; header_text_color=&#8221;#000000&#8243; header_font_size=&#8221;58px&#8221; width=&#8221;100%&#8221; module_alignment=&#8221;center&#8221; custom_padding=&#8221;|2rem|40px|2rem|false|false&#8221; global_colors_info=&#8221;{}&#8221;]<\/p>\n<p><b>D\u00e1tum: <\/b><span style=\"font-weight: 400;\">2025. O<span>kt\u00f3ber <\/span>21. \u2013 O<span>kt\u00f3ber<\/span> 25.<\/span><\/p>\n<p><b>Hol: <\/b><span style=\"font-weight: 400;\">P\u00e9cs, Magyarorsz\u00e1g<\/span><\/p>\n<p data-pm-slice=\"1 1 [&quot;list&quot;,{},&quot;list_item&quot;,{&quot;indent&quot;:1,&quot;type&quot;:&quot;bulleted&quot;}]\"><strong>K\u00f6lts\u00e9g*:<\/strong> 45000 Ft \/ 130 EUR, <span style=\"font-weight: 400;\">eb\u00e9ddel, vacsor\u00e1val (sz\u00e1ll\u00e1st \u00e9s utaz\u00e1st nem tartalmazza)<\/span><\/p>\n<p>&nbsp;<\/p>\n<div class=\"TypographyPresentation TypographyPresentation--medium RichText3-paragraph--withVSpacingNormal RichText3-paragraph HighlightSol HighlightSol--buildingBlock\"><\/div>\n<p data-pm-slice=\"1 1 [&quot;list&quot;,{},&quot;list_item&quot;,{&quot;indent&quot;:1,&quot;type&quot;:&quot;bulleted&quot;}]\"><span style=\"font-weight: 400;\">\u00a0<\/span><\/p>\n<p>[\/et_pb_text][et_pb_button button_url=&#8221;https:\/\/ama.awakeningeurope.com\/webforms\/49182f81e6a13cf5eaa496d51fea6406\/hu&#8221; button_text=&#8221;Jelentkez\u00e9s&#8221; _builder_version=&#8221;4.25.2&#8243; _module_preset=&#8221;default&#8221; global_colors_info=&#8221;{}&#8221;][\/et_pb_button][\/et_pb_column][\/et_pb_row][et_pb_row _builder_version=&#8221;4.25.2&#8243; _module_preset=&#8221;default&#8221; background_image=&#8221;https:\/\/awakeningeurope.com\/wp-content\/uploads\/BannerAEWenglish-1.jpg&#8221; background_repeat=&#8221;repeat&#8221; custom_padding=&#8221;|28px||28px|false|true&#8221; global_colors_info=&#8221;{}&#8221;][et_pb_column type=&#8221;4_4&#8243; _builder_version=&#8221;4.25.2&#8243; _module_preset=&#8221;default&#8221; global_colors_info=&#8221;{}&#8221;][et_pb_text disabled_on=&#8221;on|on|on&#8221; _builder_version=&#8221;4.25.2&#8243; _module_preset=&#8221;default&#8221; disabled=&#8221;on&#8221; global_colors_info=&#8221;{}&#8221;]<\/p>\n<div class=\"TypographyPresentation TypographyPresentation--m RichText3-paragraph--withVSpacingNormal RichText3-paragraph\">\n<div class=\"TypographyPresentation TypographyPresentation--m RichText3-paragraph--withVSpacingNormal RichText3-paragraph\">\n<p data-pm-slice=\"1 1 []\"><b>*<span>\u00a0<\/span><\/b><span>A sz\u00e1ll\u00e1s \u00e9s a sz\u00e1ll\u00edt\u00e1s nem tartalmazza<\/span><\/p>\n<\/div>\n<\/div>\n<p>[\/et_pb_text][\/et_pb_column][\/et_pb_row][\/et_pb_section][et_pb_section fb_built=&#8221;1&#8243; disabled_on=&#8221;off|off|off&#8221; admin_label=&#8221;Section&#8221; _builder_version=&#8221;4.22.0&#8243; _module_preset=&#8221;default&#8221; background_enable_color=&#8221;off&#8221; custom_padding=&#8221;0px||||false|false&#8221; global_colors_info=&#8221;{}&#8221;][et_pb_row column_structure=&#8221;1_3,1_3,1_3&#8243; _builder_version=&#8221;4.22.0&#8243; _module_preset=&#8221;default&#8221; global_colors_info=&#8221;{}&#8221;][et_pb_column type=&#8221;1_3&#8243; _builder_version=&#8221;4.22.0&#8243; _module_preset=&#8221;default&#8221; global_colors_info=&#8221;{}&#8221;][et_pb_image src=&#8221;https:\/\/awakeningeurope.com\/wp-content\/uploads\/encounter-week-2.jpg&#8221; title_text=&#8221;tal\u00e1lkoz\u00e1s-week-2&#8243; _builder_version=&#8221;4.22.0&#8243; _module_preset=&#8221;default&#8221; global_colors_info=&#8221;{}&#8221;][\/et_pb_image][\/et_pb_column][et_pb_column type=&#8221;1_3&#8243; _builder_version=&#8221;4.22.0&#8243; _module_preset=&#8221;default&#8221; global_colors_info=&#8221;{}&#8221;][et_pb_image src=&#8221;https:\/\/awakeningeurope.com\/wp-content\/uploads\/encounter-week-1.jpg&#8221; title_text=&#8221;tal\u00e1lkoz\u00e1s-week-1&#8243; _builder_version=&#8221;4.22.0&#8243; _module_preset=&#8221;default&#8221; global_colors_info=&#8221;{}&#8221;][\/et_pb_image][\/et_pb_column][et_pb_column type=&#8221;1_3&#8243; _builder_version=&#8221;4.22.0&#8243; _module_preset=&#8221;default&#8221; global_colors_info=&#8221;{}&#8221;][et_pb_image src=&#8221;https:\/\/awakeningeurope.com\/wp-content\/uploads\/encounter-week-3.jpg&#8221; title_text=&#8221;tal\u00e1lkoz\u00e1s-week-3&#8243; _builder_version=&#8221;4.22.0&#8243; _module_preset=&#8221;default&#8221; global_colors_info=&#8221;{}&#8221;][\/et_pb_image][\/et_pb_column][\/et_pb_row][\/et_pb_section]<\/p>\n","protected":false},"excerpt":{"rendered":"<p>\ud83c\uddec\ud83c\udde7 English\u00c1talakul\u00e1s- Felszerelkez\u00e9s \u2013 Kik\u00fcldet\u00e9s \u00c9ld meg a tan\u00edtv\u00e1nyoz\u00e1st! T\u0171z \u00e9g a sz\u00edvedben az\u00e9rt, hogy az elveszettek J\u00e9zushoz tal\u00e1ljanak? Vagy szeretn\u00e9d, hogy Isten friss t\u00fczet gy\u00fajtson a sz\u00edvedben? \u00c9hezed a n\u00f6veked\u00e9st az evang\u00e9lium hirdet\u00e9s\u00e9ben, \u00e9s szeretn\u00e9l gyakorlati eszk\u00f6z\u00f6ket kapni az \u00faj h\u00edv\u0151k tan\u00edtv\u00e1nyoz\u00e1s\u00e1ra? Akkor az \u00c9bred\u00e9s Hete neked sz\u00f3l! Itt minden megv\u00e1ltozik! Az \u00dar m\u00e9lyen [&hellip;]<\/p>\n","protected":false},"author":3,"featured_media":26382,"parent":0,"menu_order":0,"comment_status":"closed","ping_status":"closed","template":"","meta":{"_et_pb_use_builder":"on","_et_pb_old_content":"","_et_gb_content_width":"","inline_featured_image":false,"footnotes":""},"class_list":["post-26761","page","type-page","status-publish","has-post-thumbnail","hentry"],"yoast_head":"<!-- This site is optimized with the Yoast SEO plugin v22.8 - https:\/\/yoast.com\/wordpress\/plugins\/seo\/ -->\n<title>Encounter Week HU - Awakening Europe<\/title>\n<meta name=\"robots\" content=\"index, follow, max-snippet:-1, max-image-preview:large, max-video-preview:-1\" \/>\n<link rel=\"canonical\" href=\"https:\/\/awakeningeurope.com\/hu\/encounter-week-hu\" \/>\n<meta property=\"og:locale\" content=\"hu_HU\" \/>\n<meta property=\"og:type\" content=\"article\" \/>\n<meta property=\"og:title\" content=\"Encounter Week HU - Awakening Europe\" \/>\n<meta property=\"og:description\" content=\"\ud83c\uddec\ud83c\udde7 English\u00c1talakul\u00e1s- Felszerelkez\u00e9s \u2013 Kik\u00fcldet\u00e9s \u00c9ld meg a tan\u00edtv\u00e1nyoz\u00e1st! T\u0171z \u00e9g a sz\u00edvedben az\u00e9rt, hogy az elveszettek J\u00e9zushoz tal\u00e1ljanak? Vagy szeretn\u00e9d, hogy Isten friss t\u00fczet gy\u00fajtson a sz\u00edvedben? \u00c9hezed a n\u00f6veked\u00e9st az evang\u00e9lium hirdet\u00e9s\u00e9ben, \u00e9s szeretn\u00e9l gyakorlati eszk\u00f6z\u00f6ket kapni az \u00faj h\u00edv\u0151k tan\u00edtv\u00e1nyoz\u00e1s\u00e1ra? Akkor az \u00c9bred\u00e9s Hete neked sz\u00f3l! Itt minden megv\u00e1ltozik! Az \u00dar m\u00e9lyen [&hellip;]\" \/>\n<meta property=\"og:url\" content=\"https:\/\/awakeningeurope.com\/hu\/encounter-week-hu\" \/>\n<meta property=\"og:site_name\" content=\"Awakening Europe\" \/>\n<meta property=\"article:publisher\" content=\"https:\/\/www.facebook.com\/awakeningeurope\" \/>\n<meta property=\"article:modified_time\" content=\"2025-10-23T12:02:05+00:00\" \/>\n<meta property=\"og:image\" content=\"https:\/\/awakeningeurope.com\/wp-content\/uploads\/cropped-ae-favicon-flag.png\" \/>\n\t<meta property=\"og:image:width\" content=\"512\" \/>\n\t<meta property=\"og:image:height\" content=\"512\" \/>\n\t<meta property=\"og:image:type\" content=\"image\/png\" \/>\n<meta name=\"twitter:card\" content=\"summary_large_image\" \/>\n<script type=\"application\/ld+json\" class=\"yoast-schema-graph\">{\"@context\":\"https:\/\/schema.org\",\"@graph\":[{\"@type\":\"WebPage\",\"@id\":\"https:\/\/awakeningeurope.com\/hu\/encounter-week-hu\",\"url\":\"https:\/\/awakeningeurope.com\/hu\/encounter-week-hu\",\"name\":\"Encounter Week HU - Awakening Europe\",\"isPartOf\":{\"@id\":\"https:\/\/awakeningeurope.com\/hu#website\"},\"primaryImageOfPage\":{\"@id\":\"https:\/\/awakeningeurope.com\/hu\/encounter-week-hu#primaryimage\"},\"image\":{\"@id\":\"https:\/\/awakeningeurope.com\/hu\/encounter-week-hu#primaryimage\"},\"thumbnailUrl\":\"https:\/\/awakeningeurope.com\/wp-content\/uploads\/cropped-ae-favicon-flag.png\",\"datePublished\":\"2024-12-05T11:49:05+00:00\",\"dateModified\":\"2025-10-23T12:02:05+00:00\",\"breadcrumb\":{\"@id\":\"https:\/\/awakeningeurope.com\/hu\/encounter-week-hu#breadcrumb\"},\"inLanguage\":\"hu\",\"potentialAction\":[{\"@type\":\"ReadAction\",\"target\":[\"https:\/\/awakeningeurope.com\/hu\/encounter-week-hu\"]}]},{\"@type\":\"ImageObject\",\"inLanguage\":\"hu\",\"@id\":\"https:\/\/awakeningeurope.com\/hu\/encounter-week-hu#primaryimage\",\"url\":\"https:\/\/awakeningeurope.com\/wp-content\/uploads\/cropped-ae-favicon-flag.png\",\"contentUrl\":\"https:\/\/awakeningeurope.com\/wp-content\/uploads\/cropped-ae-favicon-flag.png\",\"width\":512,\"height\":512},{\"@type\":\"BreadcrumbList\",\"@id\":\"https:\/\/awakeningeurope.com\/hu\/encounter-week-hu#breadcrumb\",\"itemListElement\":[{\"@type\":\"ListItem\",\"position\":1,\"name\":\"Home\",\"item\":\"https:\/\/awakeningeurope.com\/hu\"},{\"@type\":\"ListItem\",\"position\":2,\"name\":\"Encounter Week HU\"}]},{\"@type\":\"WebSite\",\"@id\":\"https:\/\/awakeningeurope.com\/hu#website\",\"url\":\"https:\/\/awakeningeurope.com\/hu\",\"name\":\"Awakening Europe\",\"description\":\"\",\"publisher\":{\"@id\":\"https:\/\/awakeningeurope.com\/hu#organization\"},\"potentialAction\":[{\"@type\":\"SearchAction\",\"target\":{\"@type\":\"EntryPoint\",\"urlTemplate\":\"https:\/\/awakeningeurope.com\/hu?s={search_term_string}\"},\"query-input\":\"required name=search_term_string\"}],\"inLanguage\":\"hu\"},{\"@type\":\"Organization\",\"@id\":\"https:\/\/awakeningeurope.com\/hu#organization\",\"name\":\"Awakening Europe\",\"url\":\"https:\/\/awakeningeurope.com\/hu\",\"logo\":{\"@type\":\"ImageObject\",\"inLanguage\":\"hu\",\"@id\":\"https:\/\/awakeningeurope.com\/hu#\/schema\/logo\/image\/\",\"url\":\"https:\/\/awakeningeurope.com\/wp-content\/uploads\/AE_Logo_Final_twoLines.png\",\"contentUrl\":\"https:\/\/awakeningeurope.com\/wp-content\/uploads\/AE_Logo_Final_twoLines.png\",\"width\":576,\"height\":576,\"caption\":\"Awakening Europe\"},\"image\":{\"@id\":\"https:\/\/awakeningeurope.com\/hu#\/schema\/logo\/image\/\"},\"sameAs\":[\"https:\/\/www.facebook.com\/awakeningeurope\",\"https:\/\/www.instagram.com\/awakeningeurope\",\"https:\/\/www.awakeningeurope.com\/youtube\"]}]}<\/script>\n<!-- \/ Yoast SEO plugin. -->","yoast_head_json":{"title":"Encounter Week HU - Awakening Europe","robots":{"index":"index","follow":"follow","max-snippet":"max-snippet:-1","max-image-preview":"max-image-preview:large","max-video-preview":"max-video-preview:-1"},"canonical":"https:\/\/awakeningeurope.com\/hu\/encounter-week-hu","og_locale":"hu_HU","og_type":"article","og_title":"Encounter Week HU - Awakening Europe","og_description":"\ud83c\uddec\ud83c\udde7 English\u00c1talakul\u00e1s- Felszerelkez\u00e9s \u2013 Kik\u00fcldet\u00e9s \u00c9ld meg a tan\u00edtv\u00e1nyoz\u00e1st! T\u0171z \u00e9g a sz\u00edvedben az\u00e9rt, hogy az elveszettek J\u00e9zushoz tal\u00e1ljanak? Vagy szeretn\u00e9d, hogy Isten friss t\u00fczet gy\u00fajtson a sz\u00edvedben? \u00c9hezed a n\u00f6veked\u00e9st az evang\u00e9lium hirdet\u00e9s\u00e9ben, \u00e9s szeretn\u00e9l gyakorlati eszk\u00f6z\u00f6ket kapni az \u00faj h\u00edv\u0151k tan\u00edtv\u00e1nyoz\u00e1s\u00e1ra? Akkor az \u00c9bred\u00e9s Hete neked sz\u00f3l! Itt minden megv\u00e1ltozik! Az \u00dar m\u00e9lyen [&hellip;]","og_url":"https:\/\/awakeningeurope.com\/hu\/encounter-week-hu","og_site_name":"Awakening Europe","article_publisher":"https:\/\/www.facebook.com\/awakeningeurope","article_modified_time":"2025-10-23T12:02:05+00:00","og_image":[{"width":512,"height":512,"url":"https:\/\/awakeningeurope.com\/wp-content\/uploads\/cropped-ae-favicon-flag.png","type":"image\/png"}],"twitter_card":"summary_large_image","schema":{"@context":"https:\/\/schema.org","@graph":[{"@type":"WebPage","@id":"https:\/\/awakeningeurope.com\/hu\/encounter-week-hu","url":"https:\/\/awakeningeurope.com\/hu\/encounter-week-hu","name":"Encounter Week HU - Awakening Europe","isPartOf":{"@id":"https:\/\/awakeningeurope.com\/hu#website"},"primaryImageOfPage":{"@id":"https:\/\/awakeningeurope.com\/hu\/encounter-week-hu#primaryimage"},"image":{"@id":"https:\/\/awakeningeurope.com\/hu\/encounter-week-hu#primaryimage"},"thumbnailUrl":"https:\/\/awakeningeurope.com\/wp-content\/uploads\/cropped-ae-favicon-flag.png","datePublished":"2024-12-05T11:49:05+00:00","dateModified":"2025-10-23T12:02:05+00:00","breadcrumb":{"@id":"https:\/\/awakeningeurope.com\/hu\/encounter-week-hu#breadcrumb"},"inLanguage":"hu","potentialAction":[{"@type":"ReadAction","target":["https:\/\/awakeningeurope.com\/hu\/encounter-week-hu"]}]},{"@type":"ImageObject","inLanguage":"hu","@id":"https:\/\/awakeningeurope.com\/hu\/encounter-week-hu#primaryimage","url":"https:\/\/awakeningeurope.com\/wp-content\/uploads\/cropped-ae-favicon-flag.png","contentUrl":"https:\/\/awakeningeurope.com\/wp-content\/uploads\/cropped-ae-favicon-flag.png","width":512,"height":512},{"@type":"BreadcrumbList","@id":"https:\/\/awakeningeurope.com\/hu\/encounter-week-hu#breadcrumb","itemListElement":[{"@type":"ListItem","position":1,"name":"Home","item":"https:\/\/awakeningeurope.com\/hu"},{"@type":"ListItem","position":2,"name":"Encounter Week HU"}]},{"@type":"WebSite","@id":"https:\/\/awakeningeurope.com\/hu#website","url":"https:\/\/awakeningeurope.com\/hu","name":"Awakening Europe","description":"","publisher":{"@id":"https:\/\/awakeningeurope.com\/hu#organization"},"potentialAction":[{"@type":"SearchAction","target":{"@type":"EntryPoint","urlTemplate":"https:\/\/awakeningeurope.com\/hu?s={search_term_string}"},"query-input":"required name=search_term_string"}],"inLanguage":"hu"},{"@type":"Organization","@id":"https:\/\/awakeningeurope.com\/hu#organization","name":"Awakening Europe","url":"https:\/\/awakeningeurope.com\/hu","logo":{"@type":"ImageObject","inLanguage":"hu","@id":"https:\/\/awakeningeurope.com\/hu#\/schema\/logo\/image\/","url":"https:\/\/awakeningeurope.com\/wp-content\/uploads\/AE_Logo_Final_twoLines.png","contentUrl":"https:\/\/awakeningeurope.com\/wp-content\/uploads\/AE_Logo_Final_twoLines.png","width":576,"height":576,"caption":"Awakening Europe"},"image":{"@id":"https:\/\/awakeningeurope.com\/hu#\/schema\/logo\/image\/"},"sameAs":["https:\/\/www.facebook.com\/awakeningeurope","https:\/\/www.instagram.com\/awakeningeurope","https:\/\/www.awakeningeurope.com\/youtube"]}]}},"jetpack_sharing_enabled":true,"_links":{"self":[{"href":"https:\/\/awakeningeurope.com\/hu\/wp-json\/wp\/v2\/pages\/26761"}],"collection":[{"href":"https:\/\/awakeningeurope.com\/hu\/wp-json\/wp\/v2\/pages"}],"about":[{"href":"https:\/\/awakeningeurope.com\/hu\/wp-json\/wp\/v2\/types\/page"}],"author":[{"embeddable":true,"href":"https:\/\/awakeningeurope.com\/hu\/wp-json\/wp\/v2\/users\/3"}],"replies":[{"embeddable":true,"href":"https:\/\/awakeningeurope.com\/hu\/wp-json\/wp\/v2\/comments?post=26761"}],"version-history":[{"count":9,"href":"https:\/\/awakeningeurope.com\/hu\/wp-json\/wp\/v2\/pages\/26761\/revisions"}],"predecessor-version":[{"id":27022,"href":"https:\/\/awakeningeurope.com\/hu\/wp-json\/wp\/v2\/pages\/26761\/revisions\/27022"}],"wp:featuredmedia":[{"embeddable":true,"href":"https:\/\/awakeningeurope.com\/hu\/wp-json\/wp\/v2\/media\/26382"}],"wp:attachment":[{"href":"https:\/\/awakeningeurope.com\/hu\/wp-json\/wp\/v2\/media?parent=26761"}],"curies":[{"name":"wp","href":"https:\/\/api.w.org\/{rel}","templated":true}]}}