{"id":26983,"date":"2025-02-13T10:57:37","date_gmt":"2025-02-13T09:57:37","guid":{"rendered":"https:\/\/awakeningeurope.com\/?page_id=26983"},"modified":"2025-02-13T10:57:38","modified_gmt":"2025-02-13T09:57:38","slug":"encounter-week","status":"publish","type":"page","link":"https:\/\/awakeningeurope.com\/de\/encounter-week","title":{"rendered":"Encounter Week"},"content":{"rendered":"<p>[et_pb_section fb_built=&#8220;1&#8243; _builder_version=&#8220;4.22.0&#8243; _module_preset=&#8220;default&#8220; custom_padding=&#8220;40px||1px||false|false&#8220; global_colors_info=&#8220;{}&#8220;][et_pb_row _builder_version=&#8220;4.22.0&#8243; _module_preset=&#8220;default&#8220; custom_padding=&#8220;||1px|||&#8220; global_colors_info=&#8220;{}&#8220;][et_pb_column type=&#8220;4_4&#8243; _builder_version=&#8220;4.22.0&#8243; _module_preset=&#8220;default&#8220; global_colors_info=&#8220;{}&#8220;][et_pb_image src=&#8220;https:\/\/awakeningeurope.com\/wp-content\/uploads\/BannerAEWenglish-e1699519949753-1.jpg&#8220; title_text=&#8220;BannerAEWenglish-e1699519949753&#8243; _builder_version=&#8220;4.23.1&#8243; _module_preset=&#8220;default&#8220; custom_margin=&#8220;50px||||false|false&#8220; global_colors_info=&#8220;{}&#8220;][\/et_pb_image][\/et_pb_column][\/et_pb_row][\/et_pb_section][et_pb_section fb_built=&#8220;1&#8243; custom_padding_last_edited=&#8220;on|desktop&#8220; admin_label=&#8220;Section&#8220; _builder_version=&#8220;4.22.0&#8243; _module_preset=&#8220;default&#8220; custom_margin_tablet=&#8220;&#8220; custom_margin_phone=&#8220;&#8220; custom_margin_last_edited=&#8220;on|phone&#8220; custom_padding=&#8220;50px||50px||true|false&#8220; custom_padding_tablet=&#8220;50px||6px||false|false&#8220; custom_padding_phone=&#8220;0px||6px||false|false&#8220; bottom_divider_color=&#8220;#EEEEEE&#8220; global_colors_info=&#8220;{}&#8220;][et_pb_row _builder_version=&#8220;4.23.1&#8243; _module_preset=&#8220;default&#8220; custom_padding=&#8220;||0px|||&#8220; global_colors_info=&#8220;{}&#8220;][et_pb_column type=&#8220;4_4&#8243; _builder_version=&#8220;4.23.1&#8243; _module_preset=&#8220;default&#8220; global_colors_info=&#8220;{}&#8220;][et_pb_text _builder_version=&#8220;4.25.2&#8243; _module_preset=&#8220;default&#8220; text_orientation=&#8220;center&#8220; hover_enabled=&#8220;0&#8243; global_colors_info=&#8220;{}&#8220; sticky_enabled=&#8220;0&#8243;]<\/p>\n<p><a href=\"encounter-week\">\ud83c\uddec\ud83c\udde7 English<\/a> \u00a0<a href=\"encounter-week-de\">\ud83c\udde9\ud83c\uddea Deutsch<\/a>\u00a0<a href=\"encounter-week-nl\">\ud83c\uddf3\ud83c\uddf1 Nederlands<\/a><\/p>\n<p>[\/et_pb_text][\/et_pb_column][\/et_pb_row][et_pb_row column_structure=&#8220;2_3,1_3&#8243; _builder_version=&#8220;4.22.0&#8243; _module_preset=&#8220;default&#8220; global_colors_info=&#8220;{}&#8220;][et_pb_column type=&#8220;2_3&#8243; _builder_version=&#8220;4.17.0&#8243; _module_preset=&#8220;default&#8220; global_colors_info=&#8220;{}&#8220;][et_pb_text _builder_version=&#8220;4.25.2&#8243; _module_preset=&#8220;default&#8220; header_text_color=&#8220;#000000&#8243; header_font_size=&#8220;58px&#8220; width=&#8220;100%&#8220; module_alignment=&#8220;center&#8220; custom_padding=&#8220;||40px|||&#8220; global_colors_info=&#8220;{}&#8220;]<\/p>\n<p><strong>Brennt dein Herz daf\u00fcr, dass die Verlorenen zu Jesus kommen? Bist du hungrig danach, in der Verk\u00fcndigung des Evangeliums zu wachsen? M\u00f6chtest du praktische Werkzeuge lernen, um neue Gl\u00e4ubige im zu j\u00fcngern? Dann ist die Awakening Encounter Week genau das Richtige f\u00fcr dich!<\/strong><\/p>\n<p>In dieser besonderen Woche werden wir uns als eine Familie versammeln, das f\u00fcr Jesus brennt &#8211; um Ihn zuerst zu lieben und anzubeten &#8211; und dann zu sehen, welcher Ruhm Ihm geb\u00fchrt, wenn seine Gegenwart die kostbaren Menschen ber\u00fchrt, f\u00fcr die Er gestorben ist!<\/p>\n<p>Die Teilnehmerzahl der Awakening Encounter Week wird begrenzt sein, da wir f\u00fcr dich Raum schaffen m\u00f6chten, um mit einzelnen Personen zu connecten. Wir wollen Gemeinschaft bauen, indem wir gemeinsam Abend essen, ermutigende Worte und auch pers\u00f6nliche Zeugnisse austauschen. Wir glauben, dass w\u00e4hrend dieser Zeit Freundschaften entstehen, die bleiben werden und wir freuen uns darauf!  <\/p>\n<p>&nbsp;<\/p>\n<p><strong>Was erwartet dich?<\/strong><\/p>\n<p>Du kannst erwarten, dass du von starken Evangelisten zu den folgenden Themen ausger\u00fcstet und unterrichtet wirst:<\/p>\n<ul>\n<li><span><\/span>wie man das Evangelium ohne Menschenfurcht predigt<\/li>\n<li><span><\/span>wie man Menschen zu Jesus f\u00fchrt<\/li>\n<li><span><\/span>wie man sich mit Neubekehrten pers\u00f6nlich und in Kleingruppen trifft<\/li>\n<\/ul>\n<p>Aber das Wichtigste ist:<\/p>\n<p>Du wirst die Gelegenheit haben, mit unserem Team in umliegende Orte gehen, um das Evangelium zu predigen, Kranke zu heilen, Menschen zu Jesus zu f\u00fchren und dich einzeln mit neuen Gl\u00e4ubigen zu treffen!<\/p>\n<p>Wenn Gott zu dir spricht und du Teil dieser intensiven Woche der Evangelisation und J\u00fcngerschaft sein m\u00f6chtest, dann f\u00fclle unbedingt noch heute deine Bewerbung aus! Europa ist bereit f\u00fcr das Evangelium und f\u00fcr eine gewaltige Welle der J\u00fcngerschaft f\u00fcr Neubekehrte! <\/p>\n<p>[\/et_pb_text][\/et_pb_column][et_pb_column type=&#8220;1_3&#8243; _builder_version=&#8220;4.17.0&#8243; _module_preset=&#8220;default&#8220; global_colors_info=&#8220;{}&#8220;][et_pb_image src=&#8220;https:\/\/awakeningeurope.com\/wp-content\/uploads\/enounter-week-outreach.jpg&#8220; title_text=&#8220;enounter-week-outreach&#8220; _builder_version=&#8220;4.22.0&#8243; _module_preset=&#8220;default&#8220; global_colors_info=&#8220;{}&#8220;][\/et_pb_image][et_pb_image src=&#8220;https:\/\/awakeningeurope.com\/wp-content\/uploads\/encounter-week-worship.jpg&#8220; title_text=&#8220;encounter-week-worship&#8220; _builder_version=&#8220;4.22.0&#8243; _module_preset=&#8220;default&#8220; global_colors_info=&#8220;{}&#8220;][\/et_pb_image][\/et_pb_column][\/et_pb_row][\/et_pb_section][et_pb_section fb_built=&#8220;1&#8243; admin_label=&#8220;encounter weeks&#8220; _builder_version=&#8220;4.25.2&#8243; _module_preset=&#8220;default&#8220; global_colors_info=&#8220;{}&#8220;][et_pb_row _builder_version=&#8220;4.25.2&#8243; _module_preset=&#8220;default&#8220; background_image=&#8220;https:\/\/awakeningeurope.com\/wp-content\/uploads\/BannerAEWenglish-1.jpg&#8220; background_repeat=&#8220;repeat&#8220; global_colors_info=&#8220;{}&#8220;][et_pb_column type=&#8220;4_4&#8243; _builder_version=&#8220;4.25.2&#8243; _module_preset=&#8220;default&#8220; global_colors_info=&#8220;{}&#8220;][et_pb_heading title=&#8220;Erwachende Begegnungswochen&#8220; _builder_version=&#8220;4.25.2&#8243; _module_preset=&#8220;default&#8220; title_level=&#8220;h2&#8243; title_font=&#8220;HelveticaNeue-Medium|600|||||||&#8220; title_text_align=&#8220;center&#8220; title_font_size=&#8220;32px&#8220; global_colors_info=&#8220;{}&#8220;][\/et_pb_heading][\/et_pb_column][\/et_pb_row][et_pb_row column_structure=&#8220;1_3,1_3,1_3&#8243; admin_label=&#8220;cities&#8220; _builder_version=&#8220;4.25.2&#8243; _module_preset=&#8220;default&#8220; background_image=&#8220;https:\/\/awakeningeurope.com\/wp-content\/uploads\/BannerAEWenglish-1.jpg&#8220; background_repeat=&#8220;repeat&#8220; custom_margin=&#8220;||||false|false&#8220; custom_padding=&#8220;|28px||28px|false|true&#8220; global_colors_info=&#8220;{}&#8220;][et_pb_column type=&#8220;1_3&#8243; admin_label=&#8220;Column&#8220; _builder_version=&#8220;4.25.2&#8243; _module_preset=&#8220;default&#8220; global_colors_info=&#8220;{}&#8220;][et_pb_heading title=&#8220;Mannheim, Deutschland&#8220; _builder_version=&#8220;4.25.2&#8243; _module_preset=&#8220;default&#8220; title_level=&#8220;h3&#8243; title_font=&#8220;HelveticaNeue-Medium|600|||||||&#8220; title_text_align=&#8220;left&#8220; title_font_size=&#8220;20px&#8220; custom_margin=&#8220;||4px|||&#8220; global_colors_info=&#8220;{}&#8220;][\/et_pb_heading][et_pb_text _builder_version=&#8220;4.25.2&#8243; _module_preset=&#8220;default&#8220; global_colors_info=&#8220;{}&#8220;]<\/p>\n<div class=\"TypographyPresentation TypographyPresentation--m RichText3-paragraph--withVSpacingNormal RichText3-paragraph\">\n<div class=\"TypographyPresentation TypographyPresentation--m RichText3-paragraph--withVSpacingNormal RichText3-paragraph\">\n<div class=\"TypographyPresentation TypographyPresentation--m RichText3-paragraph--withVSpacingNormal RichText3-paragraph\"><span style=\"font-size: 16px;\"><strong>Datum<\/strong>:  <\/span><span style=\"font-size: 16px;\">15. &#8211; 18.<br \/>\nJanuary, 2025 <\/span><\/div>\n<div class=\"TypographyPresentation TypographyPresentation--m RichText3-paragraph--withVSpacingNormal RichText3-paragraph\"><strong>Kosten<\/strong>: 300 EUR* (Abendessen ist inbegriffen)<\/div>\n<\/div>\n<\/div>\n<p>[\/et_pb_text][et_pb_button button_url=&#8220;https:\/\/ama.awakeningeurope.com\/webforms\/839ab46820b524afda05122893c2fe8e&#8220; url_new_window=&#8220;on&#8220; button_text=&#8220;Jetzt bewerben&#8220; _builder_version=&#8220;4.25.2&#8243; _module_preset=&#8220;default&#8220; button_text_color=&#8220;#FFFFFF&#8220; button_bg_color=&#8220;#ff5400&#8243; button_border_color=&#8220;#ff5400&#8243; custom_margin=&#8220;||10px||false|false&#8220; global_colors_info=&#8220;{}&#8220; button_bg_color__hover=&#8220;#FFFFFF&#8220; button_border_color__hover=&#8220;#ff5400&#8243; button_border_color__hover_enabled=&#8220;on|hover&#8220;][\/et_pb_button][\/et_pb_column][et_pb_column type=&#8220;1_3&#8243; admin_label=&#8220;Column&#8220; _builder_version=&#8220;4.25.2&#8243; _module_preset=&#8220;default&#8220; global_colors_info=&#8220;{}&#8220;][\/et_pb_column][et_pb_column type=&#8220;1_3&#8243; _builder_version=&#8220;4.25.2&#8243; _module_preset=&#8220;default&#8220; global_colors_info=&#8220;{}&#8220;][et_pb_heading title=&#8220;Amsterdam, Netherlands&#8220; _builder_version=&#8220;4.25.2&#8243; _module_preset=&#8220;default&#8220; title_level=&#8220;h3&#8243; title_font=&#8220;HelveticaNeue-Medium|600|||||||&#8220; title_text_align=&#8220;left&#8220; title_font_size=&#8220;20px&#8220; custom_margin=&#8220;||4px|||&#8220; global_colors_info=&#8220;{}&#8220;][\/et_pb_heading][et_pb_text _builder_version=&#8220;4.25.2&#8243; _module_preset=&#8220;default&#8220; global_colors_info=&#8220;{}&#8220;]<\/p>\n<div class=\"TypographyPresentation TypographyPresentation--m RichText3-paragraph--withVSpacingNormal RichText3-paragraph\">\n<div class=\"TypographyPresentation TypographyPresentation--m RichText3-paragraph--withVSpacingNormal RichText3-paragraph\">\n<div class=\"TypographyPresentation TypographyPresentation--m RichText3-paragraph--withVSpacingNormal RichText3-paragraph\">\n<p><span style=\"font-size: 16px;\"><strong>Date<\/strong>: <\/span>18. &#8211; 22. February, 2025<\/p>\n<div class=\"TypographyPresentation TypographyPresentation--m RichText3-paragraph--withVSpacingNormal RichText3-paragraph\">\n<p><strong>Cost<\/strong>: 300 EUR* (dinner is included)<\/p>\n<\/div>\n<\/div>\n<\/div>\n<\/div>\n<p>[\/et_pb_text][et_pb_button button_url=&#8220;https:\/\/ama.awakeningeurope.com\/webforms\/1700002963a49da13542e0726b7bb758&#8243; url_new_window=&#8220;on&#8220; button_text=&#8220;Jetzt bewerben&#8220; _builder_version=&#8220;4.25.2&#8243; _module_preset=&#8220;default&#8220; button_text_color=&#8220;#FFFFFF&#8220; button_bg_color=&#8220;#ff5400&#8243; button_border_color=&#8220;#ff5400&#8243; custom_margin=&#8220;||10px||false|false&#8220; global_colors_info=&#8220;{}&#8220; button_bg_color__hover=&#8220;#FFFFFF&#8220; button_border_color__hover=&#8220;#ff5400&#8243; button_border_color__hover_enabled=&#8220;on|hover&#8220;][\/et_pb_button][\/et_pb_column][\/et_pb_row][et_pb_row _builder_version=&#8220;4.25.2&#8243; _module_preset=&#8220;default&#8220; background_image=&#8220;https:\/\/awakeningeurope.com\/wp-content\/uploads\/BannerAEWenglish-1.jpg&#8220; background_repeat=&#8220;repeat&#8220; custom_padding=&#8220;|28px||28px|false|true&#8220; global_colors_info=&#8220;{}&#8220;][et_pb_column type=&#8220;4_4&#8243; _builder_version=&#8220;4.25.2&#8243; _module_preset=&#8220;default&#8220; global_colors_info=&#8220;{}&#8220;][et_pb_text _builder_version=&#8220;4.25.2&#8243; _module_preset=&#8220;default&#8220; global_colors_info=&#8220;{}&#8220;]<\/p>\n<div class=\"TypographyPresentation TypographyPresentation--m RichText3-paragraph--withVSpacingNormal RichText3-paragraph\">\n<div class=\"TypographyPresentation TypographyPresentation--m RichText3-paragraph--withVSpacingNormal RichText3-paragraph\">\n<p><b>* <\/b>Unterkunft und Transport sind nicht inbegriffen<\/p>\n<\/div>\n<\/div>\n<p>[\/et_pb_text][\/et_pb_column][\/et_pb_row][\/et_pb_section][et_pb_section fb_built=&#8220;1&#8243; disabled_on=&#8220;off|off|off&#8220; admin_label=&#8220;Section&#8220; _builder_version=&#8220;4.22.0&#8243; _module_preset=&#8220;default&#8220; background_enable_color=&#8220;off&#8220; custom_padding=&#8220;0px||||false|false&#8220; global_colors_info=&#8220;{}&#8220;][et_pb_row column_structure=&#8220;1_3,1_3,1_3&#8243; _builder_version=&#8220;4.22.0&#8243; _module_preset=&#8220;default&#8220; global_colors_info=&#8220;{}&#8220;][et_pb_column type=&#8220;1_3&#8243; _builder_version=&#8220;4.22.0&#8243; _module_preset=&#8220;default&#8220; global_colors_info=&#8220;{}&#8220;][et_pb_image src=&#8220;https:\/\/awakeningeurope.com\/wp-content\/uploads\/encounter-week-2.jpg&#8220; title_text=&#8220;Begegnung-Woche-2&#8243; _builder_version=&#8220;4.22.0&#8243; _module_preset=&#8220;default&#8220; global_colors_info=&#8220;{}&#8220;][\/et_pb_image][\/et_pb_column][et_pb_column type=&#8220;1_3&#8243; _builder_version=&#8220;4.22.0&#8243; _module_preset=&#8220;default&#8220; global_colors_info=&#8220;{}&#8220;][et_pb_image src=&#8220;https:\/\/awakeningeurope.com\/wp-content\/uploads\/encounter-week-1.jpg&#8220; title_text=&#8220;Begegnungswoche-1&#8243; _builder_version=&#8220;4.22.0&#8243; _module_preset=&#8220;default&#8220; global_colors_info=&#8220;{}&#8220;][\/et_pb_image][\/et_pb_column][et_pb_column type=&#8220;1_3&#8243; _builder_version=&#8220;4.22.0&#8243; _module_preset=&#8220;default&#8220; global_colors_info=&#8220;{}&#8220;][et_pb_image src=&#8220;https:\/\/awakeningeurope.com\/wp-content\/uploads\/encounter-week-3.jpg&#8220; title_text=&#8220;Begegnung-Woche-3&#8243; _builder_version=&#8220;4.22.0&#8243; _module_preset=&#8220;default&#8220; global_colors_info=&#8220;{}&#8220;][\/et_pb_image][\/et_pb_column][\/et_pb_row][\/et_pb_section]<\/p>\n","protected":false},"excerpt":{"rendered":"<p>\ud83c\uddec\ud83c\udde7 English \u00a0\ud83c\udde9\ud83c\uddea Deutsch\u00a0\ud83c\uddf3\ud83c\uddf1 NederlandsBrennt dein Herz daf\u00fcr, dass die Verlorenen zu Jesus kommen? Bist du hungrig danach, in der Verk\u00fcndigung des Evangeliums zu wachsen? M\u00f6chtest du praktische Werkzeuge lernen, um neue Gl\u00e4ubige im zu j\u00fcngern? Dann ist die Awakening Encounter Week genau das Richtige f\u00fcr dich! In dieser besonderen Woche werden wir uns als [&hellip;]<\/p>\n","protected":false},"author":3,"featured_media":24398,"parent":0,"menu_order":0,"comment_status":"closed","ping_status":"closed","template":"","meta":{"_et_pb_use_builder":"on","_et_pb_old_content":"","_et_gb_content_width":"","inline_featured_image":false,"footnotes":""},"class_list":["post-26983","page","type-page","status-publish","has-post-thumbnail","hentry"],"yoast_head":"<!-- This site is optimized with the Yoast SEO plugin v22.8 - https:\/\/yoast.com\/wordpress\/plugins\/seo\/ -->\n<title>Encounter Week - Awakening Europe<\/title>\n<meta name=\"robots\" content=\"index, follow, max-snippet:-1, max-image-preview:large, max-video-preview:-1\" \/>\n<link rel=\"canonical\" href=\"https:\/\/awakeningeurope.com\/de\/encounter-week\" \/>\n<meta property=\"og:locale\" content=\"de_DE\" \/>\n<meta property=\"og:type\" content=\"article\" \/>\n<meta property=\"og:title\" content=\"Encounter Week - Awakening Europe\" \/>\n<meta property=\"og:description\" content=\"\ud83c\uddec\ud83c\udde7 English \u00a0\ud83c\udde9\ud83c\uddea Deutsch\u00a0\ud83c\uddf3\ud83c\uddf1 NederlandsBrennt dein Herz daf\u00fcr, dass die Verlorenen zu Jesus kommen? Bist du hungrig danach, in der Verk\u00fcndigung des Evangeliums zu wachsen? M\u00f6chtest du praktische Werkzeuge lernen, um neue Gl\u00e4ubige im zu j\u00fcngern? Dann ist die Awakening Encounter Week genau das Richtige f\u00fcr dich! In dieser besonderen Woche werden wir uns als [&hellip;]\" \/>\n<meta property=\"og:url\" content=\"https:\/\/awakeningeurope.com\/de\/encounter-week\" \/>\n<meta property=\"og:site_name\" content=\"Awakening Europe\" \/>\n<meta property=\"article:publisher\" content=\"https:\/\/www.facebook.com\/awakeningeurope\" \/>\n<meta property=\"article:modified_time\" content=\"2025-02-13T09:57:38+00:00\" \/>\n<meta property=\"og:image\" content=\"https:\/\/awakeningeurope.com\/wp-content\/uploads\/cropped-ae-favicon-flag.png\" \/>\n\t<meta property=\"og:image:width\" content=\"512\" \/>\n\t<meta property=\"og:image:height\" content=\"512\" \/>\n\t<meta property=\"og:image:type\" content=\"image\/png\" \/>\n<meta name=\"twitter:card\" content=\"summary_large_image\" \/>\n<script type=\"application\/ld+json\" class=\"yoast-schema-graph\">{\"@context\":\"https:\/\/schema.org\",\"@graph\":[{\"@type\":\"WebPage\",\"@id\":\"https:\/\/awakeningeurope.com\/de\/encounter-week\",\"url\":\"https:\/\/awakeningeurope.com\/de\/encounter-week\",\"name\":\"Encounter Week - Awakening Europe\",\"isPartOf\":{\"@id\":\"https:\/\/awakeningeurope.com\/de#website\"},\"primaryImageOfPage\":{\"@id\":\"https:\/\/awakeningeurope.com\/de\/encounter-week#primaryimage\"},\"image\":{\"@id\":\"https:\/\/awakeningeurope.com\/de\/encounter-week#primaryimage\"},\"thumbnailUrl\":\"https:\/\/awakeningeurope.com\/wp-content\/uploads\/cropped-ae-favicon-flag.png\",\"datePublished\":\"2025-02-13T09:57:37+00:00\",\"dateModified\":\"2025-02-13T09:57:38+00:00\",\"breadcrumb\":{\"@id\":\"https:\/\/awakeningeurope.com\/de\/encounter-week#breadcrumb\"},\"inLanguage\":\"de\",\"potentialAction\":[{\"@type\":\"ReadAction\",\"target\":[\"https:\/\/awakeningeurope.com\/de\/encounter-week\"]}]},{\"@type\":\"ImageObject\",\"inLanguage\":\"de\",\"@id\":\"https:\/\/awakeningeurope.com\/de\/encounter-week#primaryimage\",\"url\":\"https:\/\/awakeningeurope.com\/wp-content\/uploads\/cropped-ae-favicon-flag.png\",\"contentUrl\":\"https:\/\/awakeningeurope.com\/wp-content\/uploads\/cropped-ae-favicon-flag.png\",\"width\":512,\"height\":512},{\"@type\":\"BreadcrumbList\",\"@id\":\"https:\/\/awakeningeurope.com\/de\/encounter-week#breadcrumb\",\"itemListElement\":[{\"@type\":\"ListItem\",\"position\":1,\"name\":\"Home\",\"item\":\"https:\/\/awakeningeurope.com\/de\"},{\"@type\":\"ListItem\",\"position\":2,\"name\":\"Encounter Week\"}]},{\"@type\":\"WebSite\",\"@id\":\"https:\/\/awakeningeurope.com\/de#website\",\"url\":\"https:\/\/awakeningeurope.com\/de\",\"name\":\"Awakening Europe\",\"description\":\"\",\"publisher\":{\"@id\":\"https:\/\/awakeningeurope.com\/de#organization\"},\"potentialAction\":[{\"@type\":\"SearchAction\",\"target\":{\"@type\":\"EntryPoint\",\"urlTemplate\":\"https:\/\/awakeningeurope.com\/de?s={search_term_string}\"},\"query-input\":\"required name=search_term_string\"}],\"inLanguage\":\"de\"},{\"@type\":\"Organization\",\"@id\":\"https:\/\/awakeningeurope.com\/de#organization\",\"name\":\"Awakening Europe\",\"url\":\"https:\/\/awakeningeurope.com\/de\",\"logo\":{\"@type\":\"ImageObject\",\"inLanguage\":\"de\",\"@id\":\"https:\/\/awakeningeurope.com\/de#\/schema\/logo\/image\/\",\"url\":\"https:\/\/awakeningeurope.com\/wp-content\/uploads\/AE_Logo_Final_twoLines.png\",\"contentUrl\":\"https:\/\/awakeningeurope.com\/wp-content\/uploads\/AE_Logo_Final_twoLines.png\",\"width\":576,\"height\":576,\"caption\":\"Awakening Europe\"},\"image\":{\"@id\":\"https:\/\/awakeningeurope.com\/de#\/schema\/logo\/image\/\"},\"sameAs\":[\"https:\/\/www.facebook.com\/awakeningeurope\",\"https:\/\/www.instagram.com\/awakeningeurope\",\"https:\/\/www.awakeningeurope.com\/youtube\"]}]}<\/script>\n<!-- \/ Yoast SEO plugin. -->","yoast_head_json":{"title":"Encounter Week - Awakening Europe","robots":{"index":"index","follow":"follow","max-snippet":"max-snippet:-1","max-image-preview":"max-image-preview:large","max-video-preview":"max-video-preview:-1"},"canonical":"https:\/\/awakeningeurope.com\/de\/encounter-week","og_locale":"de_DE","og_type":"article","og_title":"Encounter Week - Awakening Europe","og_description":"\ud83c\uddec\ud83c\udde7 English \u00a0\ud83c\udde9\ud83c\uddea Deutsch\u00a0\ud83c\uddf3\ud83c\uddf1 NederlandsBrennt dein Herz daf\u00fcr, dass die Verlorenen zu Jesus kommen? Bist du hungrig danach, in der Verk\u00fcndigung des Evangeliums zu wachsen? M\u00f6chtest du praktische Werkzeuge lernen, um neue Gl\u00e4ubige im zu j\u00fcngern? Dann ist die Awakening Encounter Week genau das Richtige f\u00fcr dich! In dieser besonderen Woche werden wir uns als [&hellip;]","og_url":"https:\/\/awakeningeurope.com\/de\/encounter-week","og_site_name":"Awakening Europe","article_publisher":"https:\/\/www.facebook.com\/awakeningeurope","article_modified_time":"2025-02-13T09:57:38+00:00","og_image":[{"width":512,"height":512,"url":"https:\/\/awakeningeurope.com\/wp-content\/uploads\/cropped-ae-favicon-flag.png","type":"image\/png"}],"twitter_card":"summary_large_image","schema":{"@context":"https:\/\/schema.org","@graph":[{"@type":"WebPage","@id":"https:\/\/awakeningeurope.com\/de\/encounter-week","url":"https:\/\/awakeningeurope.com\/de\/encounter-week","name":"Encounter Week - Awakening Europe","isPartOf":{"@id":"https:\/\/awakeningeurope.com\/de#website"},"primaryImageOfPage":{"@id":"https:\/\/awakeningeurope.com\/de\/encounter-week#primaryimage"},"image":{"@id":"https:\/\/awakeningeurope.com\/de\/encounter-week#primaryimage"},"thumbnailUrl":"https:\/\/awakeningeurope.com\/wp-content\/uploads\/cropped-ae-favicon-flag.png","datePublished":"2025-02-13T09:57:37+00:00","dateModified":"2025-02-13T09:57:38+00:00","breadcrumb":{"@id":"https:\/\/awakeningeurope.com\/de\/encounter-week#breadcrumb"},"inLanguage":"de","potentialAction":[{"@type":"ReadAction","target":["https:\/\/awakeningeurope.com\/de\/encounter-week"]}]},{"@type":"ImageObject","inLanguage":"de","@id":"https:\/\/awakeningeurope.com\/de\/encounter-week#primaryimage","url":"https:\/\/awakeningeurope.com\/wp-content\/uploads\/cropped-ae-favicon-flag.png","contentUrl":"https:\/\/awakeningeurope.com\/wp-content\/uploads\/cropped-ae-favicon-flag.png","width":512,"height":512},{"@type":"BreadcrumbList","@id":"https:\/\/awakeningeurope.com\/de\/encounter-week#breadcrumb","itemListElement":[{"@type":"ListItem","position":1,"name":"Home","item":"https:\/\/awakeningeurope.com\/de"},{"@type":"ListItem","position":2,"name":"Encounter Week"}]},{"@type":"WebSite","@id":"https:\/\/awakeningeurope.com\/de#website","url":"https:\/\/awakeningeurope.com\/de","name":"Awakening Europe","description":"","publisher":{"@id":"https:\/\/awakeningeurope.com\/de#organization"},"potentialAction":[{"@type":"SearchAction","target":{"@type":"EntryPoint","urlTemplate":"https:\/\/awakeningeurope.com\/de?s={search_term_string}"},"query-input":"required name=search_term_string"}],"inLanguage":"de"},{"@type":"Organization","@id":"https:\/\/awakeningeurope.com\/de#organization","name":"Awakening Europe","url":"https:\/\/awakeningeurope.com\/de","logo":{"@type":"ImageObject","inLanguage":"de","@id":"https:\/\/awakeningeurope.com\/de#\/schema\/logo\/image\/","url":"https:\/\/awakeningeurope.com\/wp-content\/uploads\/AE_Logo_Final_twoLines.png","contentUrl":"https:\/\/awakeningeurope.com\/wp-content\/uploads\/AE_Logo_Final_twoLines.png","width":576,"height":576,"caption":"Awakening Europe"},"image":{"@id":"https:\/\/awakeningeurope.com\/de#\/schema\/logo\/image\/"},"sameAs":["https:\/\/www.facebook.com\/awakeningeurope","https:\/\/www.instagram.com\/awakeningeurope","https:\/\/www.awakeningeurope.com\/youtube"]}]}},"jetpack_sharing_enabled":true,"_links":{"self":[{"href":"https:\/\/awakeningeurope.com\/de\/wp-json\/wp\/v2\/pages\/26983"}],"collection":[{"href":"https:\/\/awakeningeurope.com\/de\/wp-json\/wp\/v2\/pages"}],"about":[{"href":"https:\/\/awakeningeurope.com\/de\/wp-json\/wp\/v2\/types\/page"}],"author":[{"embeddable":true,"href":"https:\/\/awakeningeurope.com\/de\/wp-json\/wp\/v2\/users\/3"}],"replies":[{"embeddable":true,"href":"https:\/\/awakeningeurope.com\/de\/wp-json\/wp\/v2\/comments?post=26983"}],"version-history":[{"count":1,"href":"https:\/\/awakeningeurope.com\/de\/wp-json\/wp\/v2\/pages\/26983\/revisions"}],"predecessor-version":[{"id":26986,"href":"https:\/\/awakeningeurope.com\/de\/wp-json\/wp\/v2\/pages\/26983\/revisions\/26986"}],"wp:featuredmedia":[{"embeddable":true,"href":"https:\/\/awakeningeurope.com\/de\/wp-json\/wp\/v2\/media\/24398"}],"wp:attachment":[{"href":"https:\/\/awakeningeurope.com\/de\/wp-json\/wp\/v2\/media?parent=26983"}],"curies":[{"name":"wp","href":"https:\/\/api.w.org\/{rel}","templated":true}]}}